{"id":1204,"date":"2025-06-25T06:59:27","date_gmt":"2025-06-25T06:59:27","guid":{"rendered":"https:\/\/shthemes.net\/demosd\/uncut\/?page_id=1204"},"modified":"2025-11-27T15:09:05","modified_gmt":"2025-11-27T12:09:05","slug":"bize-ulasin","status":"publish","type":"page","link":"https:\/\/hillskas.com\/en\/bize-ulasin\/","title":{"rendered":"Contact Us"},"content":{"rendered":"\t\t<div data-elementor-type=\"wp-page\" data-elementor-id=\"1204\" class=\"elementor elementor-1204\" data-elementor-post-type=\"page\">\n\t\t\t\t<div class=\"elementor-element elementor-element-b05210b e-con-full e-flex e-con e-parent\" data-id=\"b05210b\" data-element_type=\"container\" data-e-type=\"container\">\n\t\t\t\t<div class=\"elementor-element elementor-element-139e637 elementor-align-left elementor-widget elementor-widget-bdevs-banner-pizza\" data-id=\"139e637\" data-element_type=\"widget\" data-e-type=\"widget\" data-widget_type=\"bdevs-banner-pizza.default\">\n\t\t\t\t<div class=\"elementor-widget-container\">\n\t\t\t\t\t\t    <div class=\"tp-breadcrumb-pizza-area bg-position scene p-relative z-index-1 fix\" data-background=\"https:\/\/shthemes.net\/demosd\/uncut\/wp-content\/uploads\/2025\/06\/bg-6.jpg\">\r\n\t    \t \t         <img decoding=\"async\" class=\"tp-breadcrumb-pizza-shape p-absolute\" data-parallax='{\"y\": 500, \"smoothness\": 20}' src=\"https:\/\/shthemes.net\/demosd\/uncut\/wp-content\/uploads\/2025\/06\/titlebar-pattern.png\" alt=\"\">\r\n\t         \t         \t         <div class=\"tp-breadcrumb-pizza-shape-2 p-absolute\">\r\n\t            <img decoding=\"async\" class=\"layer\" data-depth=\"0.2\" src=\"https:\/\/shthemes.net\/demosd\/uncut\/wp-content\/uploads\/2025\/06\/demo-pizza-shape.png\" alt=\"\">\r\n\t         <\/div>\r\n\t         \t         <div class=\"container container-1230\">\r\n\t            <div class=\"row gx-24\">\r\n\t               <div class=\"col-lg-12\">\r\n\t                  <div class=\"tp-breadcrumb-pizza-spacing text-center\" data-anime='{ \"el\": \"childs\", \"translateX\": [-20, 0], \"opacity\": [0,1], \"duration\": 600, \"delay\": 300, \"staggervalue\": 300, \"easing\": \"easeOutQuad\" }'>\r\n\t                     <h2 class=\"tp-ff-staat fw-400 fs-70 fs-xs-50 ls-m-2 tp-text-common-white\">Bize Ula\u015f\u0131n<\/h2>\r\n\t                     <p class=\"tp-text-rgba-2 fs-22 ls-m-2 tp-ff-roboto\"><\/p>\r\n\t                  <\/div>\r\n\t               <\/div>\r\n\t            <\/div>\r\n\t         <\/div>\r\n\t    <\/div>\r\n      \t\t\t\t\t\t<\/div>\n\t\t\t\t<\/div>\n\t\t\t\t<\/div>\n\t\t<div class=\"elementor-element elementor-element-1b16cb1 e-con-full e-flex e-con e-parent\" data-id=\"1b16cb1\" data-element_type=\"container\" data-e-type=\"container\">\n\t\t\t\t<div class=\"elementor-element elementor-element-7c6e34c elementor-align-left elementor-widget elementor-widget-bdevs-map-pizza\" data-id=\"7c6e34c\" data-element_type=\"widget\" data-e-type=\"widget\" data-widget_type=\"bdevs-map-pizza.default\">\n\t\t\t\t<div class=\"elementor-widget-container\">\n\t\t\t\t\t\t\t<div class=\"tp-map-pizza-area pt-160 pb-200\">\r\n\t        <div class=\"container container-1230 p-relative\">\r\n\t            <div class=\"row gx-24\" data-anime='{ \"el\": \"childs\", \"translateY\": [15,0], \"opacity\": [0,1], \"duration\": 600, \"delay\": 0, \"staggervalue\": 200, \"easing\": \"easeOutQuad\" }'>\r\n\t                <div class=\"col-lg-9\">\r\n\t                    <div class=\"tp-map-pizza-thumb\">\r\n\t                    \t\t                        <img decoding=\"async\" class=\"w-100 tp-round-6\" src=\"https:\/\/shthemes.net\/demosd\/uncut\/wp-content\/uploads\/2025\/06\/girl-friend.jpg\" alt=\"\">\r\n\t                        \t                    <\/div>\r\n\t                <\/div>\r\n\t                <div class=\"col-lg-3\">\r\n\t                    <div class=\"tp-map-pizza\">\r\n\t                        <iframe src=\"https:\/\/www.google.com\/maps\/embed?pb=!1m18!1m12!1m3!1d3219.2791153179683!2d29.579893877126494!3d36.20841020083284!2m3!1f0!2f0!3f0!3m2!1i1024!2i768!4f13.1!3m3!1m2!1s0x14c1db66095f7629%3A0xa88311ca6091e947!2sHills%20Cafe%20%26%20Bistro!5e0!3m2!1sen!2str!4v1764153168673!5m2!1sen!2str\" style=\"border:0;\" allowfullscreen=\"\" loading=\"lazy\" referrerpolicy=\"no-referrer-when-downgrade\"><\/iframe>\r\n\t                    <\/div>\r\n\t                <\/div>\r\n\t            <\/div>\r\n\t        <\/div>\r\n\t    <\/div>\r\n\t\t\t\t\t\t\t<\/div>\n\t\t\t\t<\/div>\n\t\t\t\t<\/div>\n\t\t<div class=\"elementor-element elementor-element-dd71658 e-con-full e-flex e-con e-parent\" data-id=\"dd71658\" data-element_type=\"container\" data-e-type=\"container\">\n\t\t\t\t<div class=\"elementor-element elementor-element-1a68889 elementor-align-left elementor-widget elementor-widget-bdevs-contact-pizza\" data-id=\"1a68889\" data-element_type=\"widget\" data-e-type=\"widget\" data-widget_type=\"bdevs-contact-pizza.default\">\n\t\t\t\t<div class=\"elementor-widget-container\">\n\t\t\t\t\t\t\t<div class=\"tp-contact-details-form pt-60 pb-140\">\r\n        <div class=\"container container-1230\">\r\n            <div class=\"row gx-24 align-items-center mb-25\" data-anime='{ \"el\": \"childs\", \"translateY\": [15,0], \"opacity\": [0,1], \"duration\": 600, \"delay\": 0, \"staggervalue\": 200, \"easing\": \"easeOutQuad\" }'>\r\n            \t                 <div class=\"col-lg-7\">\r\n                    <div>\r\n                        <h2 class=\"tp-ff-staat fs-60 fs-lg-55 fs-xs-45 fw-400 lh-1 ls-2 tp-text-common-black-2 mb-40\">\u00dcCRETS\u0130Z P\u0130ZZA<br> TEKL\u0130FIN SEN\u0130 BEKL\u0130YOR<\/h2>\r\n                    <\/div>\r\n                <\/div>\r\n                                                <div class=\"col-lg-5\">\r\n                    <div>\r\n                        <p class=\"tp-text-grey-4 ls-2 tp-ff-roboto lh-30  mb-40\">Hills Kitchen olarak; lezzeti kalite ve yenilikle bulu\u015fturuyoruz. Ortaya koydu\u011fumuz her tabakta m\u00fckemmelli\u011fe olan tutkumuzu hissedersiniz. \u00c7\u00fcnk\u00fc beklentileri kar\u015f\u0131lamay\u0131 de\u011fil, a\u015fmay\u0131 hedefliyoruz.<\/p>\r\n                    <\/div>\r\n                <\/div>\r\n                            <\/div>\r\n            <div class=\"row gx-24 pb-75\" data-anime='{ \"el\": \"childs\", \"translateY\": [15,0], \"opacity\": [0,1], \"duration\": 600, \"delay\": 0, \"staggervalue\": 200, \"easing\": \"easeOutQuad\" }'>\r\n            \t                 <div class=\"col-lg-3 col-md-6 col-sm-6\">\r\n                    <div class=\"tp-contact-pizza-info mb-30\">\r\n                        <h4 class=\"tp-ff-staat fw-400 fs-20 ls-3 tp-text-theme-5\">KONUMUMUZ<\/h4>\r\n                        \t\t\t\t\t\t\t                         \t<a class=\"tp-ff-poppins fs-16 tp-text-grey-4 lh-24 underline-black\" href=\"https:\/\/maps.app.goo.gl\/Bw8BpcBncuuBchuH9\" target=\"_blank\" rel=\"noopener\">\r\n                                G\u00f6k\u00e7e\u00f6ren, G\u00f6kseki Sok No: 236, 07580 Ka\u015f\/Antalya                            <\/a>\r\n                            <br>\r\n                                                                    <\/div>\r\n                <\/div>\r\n                                <div class=\"col-lg-3 col-md-6 col-sm-6\">\r\n                    <div class=\"tp-contact-pizza-info mb-30\">\r\n                        <h4 class=\"tp-ff-staat fw-400 fs-20 ls-3 tp-text-theme-5\">B\u0130ZE YAZIN<\/h4>\r\n                        \t\t\t\t\t\t\t                         \t<a class=\"tp-ff-poppins fs-16 tp-text-grey-4 lh-24 underline-black\" href=\"mailto:bilgi@hillskas.com\" >\r\n                                bilgi@hillskas.com                            <\/a>\r\n                            <br>\r\n                                                                    <\/div>\r\n                <\/div>\r\n                                <div class=\"col-lg-3 col-md-6 col-sm-6\">\r\n                    <div class=\"tp-contact-pizza-info mb-30\">\r\n                        <h4 class=\"tp-ff-staat fw-400 fs-20 ls-3 tp-text-theme-5\">B\u0130Z\u0130 ARAYIN<\/h4>\r\n                        \t\t\t\t\t\t\t                         \t<a class=\"tp-ff-poppins fs-16 tp-text-grey-4 lh-24 underline-black\" href=\"tel:+90%20542%20836%204090\" >\r\n                                Phone: +90 542 836 4090                            <\/a>\r\n                            <br>\r\n                                                                    <\/div>\r\n                <\/div>\r\n                                <div class=\"col-lg-3 col-md-6 col-sm-6\">\r\n                    <div class=\"tp-contact-pizza-info mb-30\">\r\n                        <h4 class=\"tp-ff-staat fw-400 fs-20 ls-3 tp-text-theme-5\">B\u0130Z\u0130 Z\u0130YARET ED\u0130N<\/h4>\r\n                        \t\t\t\t\t\t\t                           <p class=\"tp-ff-poppins fs-16 tp-text-grey-4 lh-24\">Bizi yerimizde ziyaret edip, \nen nefis lezzetlere ula\u015f\u0131n<\/p>\r\n                                                                    <\/div>\r\n                <\/div>\r\n                            <\/div>\r\n                       <div class=\"row gx-24\" data-anime='{ \"el\": \"childs\", \"translateY\": [15,0], \"opacity\": [0,1], \"duration\": 600, \"delay\": 0, \"staggervalue\": 200, \"easing\": \"easeOutQuad\" }'>\r\n              <div class=\"col-12\">\r\n                 <div class=\"tp-postbox-cpr-form-inner tp-contact-pizza-form-inner\">\r\n                    \n<div class=\"wpcf7 no-js\" id=\"wpcf7-f1231-o1\" lang=\"en-US\" dir=\"ltr\" data-wpcf7-id=\"1231\">\n<div class=\"screen-reader-response\"><p role=\"status\" aria-live=\"polite\" aria-atomic=\"true\"><\/p> <ul><\/ul><\/div>\n<form action=\"\/en\/wp-json\/wp\/v2\/pages\/1204#wpcf7-f1231-o1\" method=\"post\" class=\"wpcf7-form init\" aria-label=\"Contact form\" novalidate=\"novalidate\" data-status=\"init\">\n<fieldset class=\"hidden-fields-container\"><input type=\"hidden\" name=\"_wpcf7\" value=\"1231\" \/><input type=\"hidden\" name=\"_wpcf7_version\" value=\"6.1.5\" \/><input type=\"hidden\" name=\"_wpcf7_locale\" value=\"en_US\" \/><input type=\"hidden\" name=\"_wpcf7_unit_tag\" value=\"wpcf7-f1231-o1\" \/><input type=\"hidden\" name=\"_wpcf7_container_post\" value=\"0\" \/><input type=\"hidden\" name=\"_wpcf7_posted_data_hash\" value=\"\" \/>\n<\/fieldset>\n<div>\n  <div class=\"tp-postbox-cpr-postbox-form tp-round-10 mb-30 fix\">\n     <div class=\"row gx-0\">\n        <div class=\"col-lg-6 col-md-6\">\n           <div class=\"tp-postbox-cpr-input-group\">\n              <label class=\"tp-ff-poppins fw-500 fs-18 tp-text-common-black-2\" for=\"name\">Bizimle tan\u0131\u015f\u0131n<\/label>\n              <span class=\"wpcf7-form-control-wrap\" data-name=\"name\"><input size=\"40\" maxlength=\"400\" class=\"wpcf7-form-control wpcf7-text wpcf7-validates-as-required input\" aria-required=\"true\" aria-invalid=\"false\" placeholder=\"Ad\u0131n\u0131z\u0131 \u00f6\u011frenebilir miyiz?\" value=\"\" type=\"text\" name=\"name\" \/><\/span>\n           <\/div>\n        <\/div>\n        <div class=\"col-lg-6 col-md-6\">\n           <div class=\"tp-postbox-cpr-input-group\">\n              <label class=\"tp-ff-poppins fw-500 fs-18 tp-text-common-black-2\" for=\"email\">Email address<\/label>\n<\/label>\n              <span class=\"wpcf7-form-control-wrap\" data-name=\"email\"><input size=\"40\" maxlength=\"400\" class=\"wpcf7-form-control wpcf7-email wpcf7-validates-as-required wpcf7-text wpcf7-validates-as-email input\" aria-required=\"true\" aria-invalid=\"false\" placeholder=\"E-postan\u0131z\u0131 girin\" value=\"\" type=\"email\" name=\"email\" \/><\/span>\n           <\/div>\n        <\/div>\n        <div class=\"col-lg-6 col-md-6\">\n           <div class=\"tp-postbox-cpr-input-group\">\n              <label class=\"tp-ff-poppins fw-500 fs-18 tp-text-common-black-2\" for=\"number\">Telefon numaras\u0131<\/label>\n              <span class=\"wpcf7-form-control-wrap\" data-name=\"phone\"><input size=\"40\" maxlength=\"400\" class=\"wpcf7-form-control wpcf7-text wpcf7-validates-as-required input\" aria-required=\"true\" aria-invalid=\"false\" placeholder=\"Telefon numaran\u0131z\" value=\"\" type=\"text\" name=\"phone\" \/><\/span>\n           <\/div>\n        <\/div>\n        <div class=\"col-lg-6 col-md-6\">\n           <div class=\"tp-postbox-cpr-input-group\">\n              <label class=\"tp-ff-poppins fw-500 fs-18 tp-text-common-black-2\" for=\"website\">Konuyu girin<\/label>\n              <span class=\"wpcf7-form-control-wrap\" data-name=\"subject\"><input size=\"40\" maxlength=\"400\" class=\"wpcf7-form-control wpcf7-text input\" aria-invalid=\"false\" placeholder=\"Ne hakk\u0131nda yaz\u0131yorsunuz?\" value=\"\" type=\"text\" name=\"subject\" \/><\/span>\n           <\/div>\n        <\/div>\n        <div class=\"col-lg-12\">\n           <div class=\"tp-postbox-cpr-input-group tp-postbox-cpr-input-comment\">\n              <label class=\"tp-ff-poppins fw-500 fs-18 tp-text-common-black-2\" for=\"textarea\">Bize iletmek istedikleriniz<\/label>\n              <span class=\"wpcf7-form-control-wrap\" data-name=\"message\"><textarea cols=\"40\" rows=\"10\" maxlength=\"2000\" class=\"wpcf7-form-control wpcf7-textarea wpcf7-validates-as-required input\" aria-required=\"true\" aria-invalid=\"false\" placeholder=\"Mesaj\u0131n\u0131z\u0131 k\u0131saca anlat\u0131n\" name=\"message\"><\/textarea><\/span>\n           <\/div>\n        <\/div>\n     <\/div>\n  <\/div>\n  <div class=\"d-flex align-items-center justify-content-between flex-wrap\">\n       <div class=\"checkbox d-flex align-items-center mb-20\">\n           <input class=\"tp-checkbox\" type=\"checkbox\" id=\"checkbox2\">\n           <label for=\"checkbox2\" class=\"tp-ff-roboto fw-400 fs-14 tp-text-grey-4 ls-m-2\">Hizmet \u015eartlar\u0131\u2019n\u0131 ve Gizlilik Politikas\u0131\u2019n\u0131 okudum, kabul ediyorum.<\/label>\n       <\/div>\n       <button type=\"submit\" class=\"tp-btn-switch-text fs-18 tp-bg-theme-5 p-relative tp-round-5 d-inline-block tp-text-common-white hover-text-white fw-400 tp-ff-staat ls-6 lh-1 mb-20\">\n           <span class=\"tp-btn-pizza-xl\">\n               <span class=\"btn-double-text\" data-text=\"MESAJINIZI G\u00d6NDER\u0130N\"><input class=\"wpcf7-form-control wpcf7-submit has-spinner\" type=\"submit\" value=\"MESAJINIZI G\u00d6NDER\u0130N\" \/><\/span>\n           <\/span>\n       <\/button>\n  <\/div>\n<\/div><div class=\"wpcf7-response-output\" aria-hidden=\"true\"><\/div>\n<\/form>\n<\/div>\n                 <\/div>\r\n              <\/div>\r\n           <\/div>\r\n                   <\/div>\r\n     <\/div>\r\n\t    \t\t\t\t\t<\/div>\n\t\t\t\t<\/div>\n\t\t\t\t<\/div>\n\t\t\t\t<\/div>\n\t\t","protected":false},"excerpt":{"rendered":"<p>Bize Ula\u015f\u0131n \u00dcCRETS\u0130Z P\u0130ZZA TEKL\u0130FIN SEN\u0130 BEKL\u0130YOR Hills Kitchen olarak; lezzeti kalite ve yenilikle bulu\u015fturuyoruz. Ortaya koydu\u011fumuz her tabakta m\u00fckemmelli\u011fe olan tutkumuzu hissedersiniz. \u00c7\u00fcnk\u00fc beklentileri kar\u015f\u0131lamay\u0131 de\u011fil, a\u015fmay\u0131 hedefliyoruz. KONUMUMUZ G\u00f6k\u00e7e\u00f6ren, G\u00f6kseki Sok No: 236, 07580 Ka\u015f\/Antalya B\u0130ZE YAZIN bilgi@hillskas.com B\u0130Z\u0130 ARAYIN Phone: +90 542 836 4090 B\u0130Z\u0130 Z\u0130YARET ED\u0130N Bizi yerimizde ziyaret edip, en [&hellip;]<\/p>\n","protected":false},"author":1,"featured_media":0,"parent":0,"menu_order":0,"comment_status":"closed","ping_status":"closed","template":"page-templates\/pizza.php","meta":{"footnotes":""},"class_list":["post-1204","page","type-page","status-publish","hentry"],"_links":{"self":[{"href":"https:\/\/hillskas.com\/en\/wp-json\/wp\/v2\/pages\/1204","targetHints":{"allow":["GET"]}}],"collection":[{"href":"https:\/\/hillskas.com\/en\/wp-json\/wp\/v2\/pages"}],"about":[{"href":"https:\/\/hillskas.com\/en\/wp-json\/wp\/v2\/types\/page"}],"author":[{"embeddable":true,"href":"https:\/\/hillskas.com\/en\/wp-json\/wp\/v2\/users\/1"}],"replies":[{"embeddable":true,"href":"https:\/\/hillskas.com\/en\/wp-json\/wp\/v2\/comments?post=1204"}],"version-history":[{"count":8,"href":"https:\/\/hillskas.com\/en\/wp-json\/wp\/v2\/pages\/1204\/revisions"}],"predecessor-version":[{"id":8753,"href":"https:\/\/hillskas.com\/en\/wp-json\/wp\/v2\/pages\/1204\/revisions\/8753"}],"wp:attachment":[{"href":"https:\/\/hillskas.com\/en\/wp-json\/wp\/v2\/media?parent=1204"}],"curies":[{"name":"wp","href":"https:\/\/api.w.org\/{rel}","templated":true}]}}